{"id":331,"date":"2025-07-17T12:00:12","date_gmt":"2025-07-17T12:00:12","guid":{"rendered":"http:\/\/fermademiri.com\/?post_type=product&#038;p=331"},"modified":"2025-07-17T12:00:12","modified_gmt":"2025-07-17T12:00:12","slug":"zogj-pula-fshati","status":"publish","type":"product","link":"https:\/\/fermademiri.com\/?product=zogj-pula-fshati","title":{"rendered":"Zogj \/ pula  fshati"},"content":{"rendered":"<p data-start=\"412\" data-end=\"685\">N\u00eb Ferma Demiri, zogjt\u00eb dhe pulat fshati rriten n\u00eb kushte t\u00eb lira dhe t\u00eb natyrshme, me kujdes t\u00eb ve\u00e7ant\u00eb p\u00ebr mir\u00ebqenien e tyre. Ushqimi i tyre p\u00ebrb\u00ebhet nga drith\u00ebra , bar\u00ebra natyrale dhe mbetje t\u00eb fresk\u00ebta t\u00eb ferm\u00ebs, pa asnj\u00eb shtes\u00eb industriale, hormone apo antibiotik\u00eb.<\/p>\n<p data-start=\"687\" data-end=\"861\">Rezultati \u00ebsht\u00eb nj\u00eb mish i fort\u00eb, me struktur\u00eb tradicionale dhe arom\u00eb t\u00eb thell\u00eb \u2013 ashtu si\u00e7 e kujtojm\u00eb nga f\u00ebmij\u00ebria n\u00eb fshat. Pulat dhe zogjt\u00eb tan\u00eb jan\u00eb t\u00eb p\u00ebrshtatsh\u00ebm p\u00ebr:<\/p>\n<ul data-start=\"862\" data-end=\"998\">\n<li data-start=\"862\" data-end=\"915\">\n<p data-start=\"864\" data-end=\"915\">Supa t\u00eb pasura me l\u00ebng t\u00eb trash\u00eb e arom\u00eb natyrale<\/p>\n<\/li>\n<li data-start=\"916\" data-end=\"954\">\n<p data-start=\"918\" data-end=\"954\">Mish t\u00eb pjekur n\u00eb furr\u00eb ose n\u00eb sa\u00e7<\/p>\n<\/li>\n<li data-start=\"955\" data-end=\"998\">\n<p data-start=\"957\" data-end=\"998\">Gatime tradicionale t\u00eb kuzhin\u00ebs shqiptare<\/p>\n<\/li>\n<\/ul>\n<p data-start=\"1000\" data-end=\"1074\">T\u00eb therur hallall ose te gjalle.<\/p>\n<p data-start=\"1000\" data-end=\"1074\">Te therur 1000 lek\u00eb \/ kg<\/p>\n<p data-start=\"1000\" data-end=\"1074\">Te gjalle 800 lek\u00eb \/ kg<\/p>\n<p data-start=\"1081\" data-end=\"1214\" data-is-last-node=\"\" data-is-only-node=\"\">\ud83d\udc49 <strong data-start=\"1084\" data-end=\"1214\" data-is-last-node=\"\">Provo shijen autentike t\u00eb fshatit me zogjt\u00eb dhe pulat tona t\u00eb rritura me dashuri dhe p\u00ebrkushtim n\u00eb Ferma Demiri. Porosit tani!<\/strong><\/p>\n","protected":false},"excerpt":{"rendered":"<p data-start=\"165\" data-end=\"375\">Pula dhe zogj fshati t\u00eb rritur n\u00eb m\u00ebnyr\u00eb natyrale, t\u00eb ushqyer me drith\u00ebra dhe bar\u00ebra t\u00eb zon\u00ebs, pa hormone apo antibiotik\u00eb. Mish i shijsh\u00ebm, i fort\u00eb dhe i pasur me vlera ushqyese \u2013 ideal p\u00ebr gatime tradicionale.<\/p>\n","protected":false},"featured_media":315,"comment_status":"open","ping_status":"closed","template":"","meta":{"site-sidebar-layout":"default","site-content-layout":"","ast-site-content-layout":"default","site-content-style":"default","site-sidebar-style":"default","ast-global-header-display":"","ast-banner-title-visibility":"","ast-main-header-display":"","ast-hfb-above-header-display":"","ast-hfb-below-header-display":"","ast-hfb-mobile-header-display":"","site-post-title":"","ast-breadcrumbs-content":"","ast-featured-img":"","footer-sml-layout":"","ast-disable-related-posts":"","theme-transparent-header-meta":"default","adv-header-id-meta":"","stick-header-meta":"","header-above-stick-meta":"","header-main-stick-meta":"","header-below-stick-meta":"","astra-migrate-meta-layouts":"set","ast-page-background-enabled":"default","ast-page-background-meta":{"desktop":{"background-color":"var(--ast-global-color-5)","background-image":"","background-repeat":"repeat","background-position":"center center","background-size":"auto","background-attachment":"scroll","background-type":"","background-media":"","overlay-type":"","overlay-color":"","overlay-opacity":"","overlay-gradient":""},"tablet":{"background-color":"","background-image":"","background-repeat":"repeat","background-position":"center center","background-size":"auto","background-attachment":"scroll","background-type":"","background-media":"","overlay-type":"","overlay-color":"","overlay-opacity":"","overlay-gradient":""},"mobile":{"background-color":"","background-image":"","background-repeat":"repeat","background-position":"center center","background-size":"auto","background-attachment":"scroll","background-type":"","background-media":"","overlay-type":"","overlay-color":"","overlay-opacity":"","overlay-gradient":""}},"ast-content-background-meta":{"desktop":{"background-color":"var(--ast-global-color-4)","background-image":"","background-repeat":"repeat","background-position":"center center","background-size":"auto","background-attachment":"scroll","background-type":"","background-media":"","overlay-type":"","overlay-color":"","overlay-opacity":"","overlay-gradient":""},"tablet":{"background-color":"var(--ast-global-color-4)","background-image":"","background-repeat":"repeat","background-position":"center center","background-size":"auto","background-attachment":"scroll","background-type":"","background-media":"","overlay-type":"","overlay-color":"","overlay-opacity":"","overlay-gradient":""},"mobile":{"background-color":"var(--ast-global-color-4)","background-image":"","background-repeat":"repeat","background-position":"center center","background-size":"auto","background-attachment":"scroll","background-type":"","background-media":"","overlay-type":"","overlay-color":"","overlay-opacity":"","overlay-gradient":""}}},"product_brand":[],"product_cat":[36],"product_tag":[38,37,39],"class_list":{"0":"post-331","1":"product","2":"type-product","3":"status-publish","4":"has-post-thumbnail","6":"product_cat-pula","7":"product_tag-mish-i-fresket","8":"product_tag-pula","9":"product_tag-pula-fshati","10":"desktop-align-left","11":"tablet-align-left","12":"mobile-align-left","14":"first","15":"instock","16":"taxable","17":"shipping-taxable","18":"purchasable","19":"product-type-simple"},"_links":{"self":[{"href":"https:\/\/fermademiri.com\/index.php?rest_route=\/wp\/v2\/product\/331","targetHints":{"allow":["GET"]}}],"collection":[{"href":"https:\/\/fermademiri.com\/index.php?rest_route=\/wp\/v2\/product"}],"about":[{"href":"https:\/\/fermademiri.com\/index.php?rest_route=\/wp\/v2\/types\/product"}],"replies":[{"embeddable":true,"href":"https:\/\/fermademiri.com\/index.php?rest_route=%2Fwp%2Fv2%2Fcomments&post=331"}],"wp:featuredmedia":[{"embeddable":true,"href":"https:\/\/fermademiri.com\/index.php?rest_route=\/wp\/v2\/media\/315"}],"wp:attachment":[{"href":"https:\/\/fermademiri.com\/index.php?rest_route=%2Fwp%2Fv2%2Fmedia&parent=331"}],"wp:term":[{"taxonomy":"product_brand","embeddable":true,"href":"https:\/\/fermademiri.com\/index.php?rest_route=%2Fwp%2Fv2%2Fproduct_brand&post=331"},{"taxonomy":"product_cat","embeddable":true,"href":"https:\/\/fermademiri.com\/index.php?rest_route=%2Fwp%2Fv2%2Fproduct_cat&post=331"},{"taxonomy":"product_tag","embeddable":true,"href":"https:\/\/fermademiri.com\/index.php?rest_route=%2Fwp%2Fv2%2Fproduct_tag&post=331"}],"curies":[{"name":"wp","href":"https:\/\/api.w.org\/{rel}","templated":true}]}}