{"id":329,"date":"2025-07-17T11:08:10","date_gmt":"2025-07-17T11:08:10","guid":{"rendered":"http:\/\/fermademiri.com\/?post_type=product&#038;p=329"},"modified":"2025-07-17T11:08:11","modified_gmt":"2025-07-17T11:08:11","slug":"thase-te-vegjel-me-levande","status":"publish","type":"product","link":"https:\/\/fermademiri.com\/?product=thase-te-vegjel-me-levande","title":{"rendered":"Thase te vegjel me levande"},"content":{"rendered":"<p data-start=\"401\" data-end=\"688\">Aromaterapia natyrale e livandos ndihmon n\u00eb qet\u00ebsimin e mendjes, p\u00ebrmir\u00ebsimin e gjumit dhe largimin e aromave t\u00eb pak\u00ebndshme.<\/p>\n<p data-start=\"690\" data-end=\"717\">P\u00ebr \u00e7far\u00eb mund t\u00eb p\u00ebrdoren:<\/p>\n<ul data-start=\"718\" data-end=\"959\">\n<li data-start=\"718\" data-end=\"786\">\n<p data-start=\"720\" data-end=\"786\">Vendosini n\u00eb sirtar\u00eb ose dollap\u00eb p\u00ebr t\u00eb mbajtur rrobat t\u00eb fresk\u00ebta<\/p>\n<\/li>\n<li data-start=\"787\" data-end=\"857\">\n<p data-start=\"789\" data-end=\"857\">Mbajini n\u00eb \u00e7anta ose valixhe p\u00ebr nj\u00eb arom\u00eb natyrale gjat\u00eb udh\u00ebtimeve<\/p>\n<\/li>\n<li data-start=\"858\" data-end=\"913\">\n<p data-start=\"860\" data-end=\"913\">Vendosni nj\u00eb thes n\u00ebn jast\u00ebk p\u00ebr nj\u00eb gjum\u00eb m\u00eb t\u00eb qet\u00eb<\/p>\n<\/li>\n<li data-start=\"914\" data-end=\"959\">\n<p data-start=\"916\" data-end=\"959\">Si dhurat\u00eb e vog\u00ebl aromatike p\u00ebr miqt\u00eb tuaj<\/p>\n<\/li>\n<li data-start=\"914\" data-end=\"959\">Mund te personalizohen si konfeta<\/li>\n<\/ul>\n<p data-start=\"961\" data-end=\"1068\">100% natyrale, pa kimikate apo aromatizues artificial\u00eb \u2013 vet\u00ebm livando e past\u00ebr shqiptare.<\/p>\n","protected":false},"excerpt":{"rendered":"<p data-start=\"169\" data-end=\"368\">Thas\u00eb t\u00eb vegj\u00ebl t\u00eb mbushur me livando natyrale, perfekt\u00eb p\u00ebr t\u00eb freskuar dollap\u00ebt, sirtar\u00ebt, \u00e7antat ose p\u00ebr t\u00eb sjell\u00eb qet\u00ebsi n\u00eb ambiente t\u00eb vogla. Arom\u00eb relaksuese dhe 100% natyrale nga Ferma Demiri.<\/p>\n","protected":false},"featured_media":250,"comment_status":"open","ping_status":"closed","template":"","meta":{"site-sidebar-layout":"default","site-content-layout":"","ast-site-content-layout":"default","site-content-style":"default","site-sidebar-style":"default","ast-global-header-display":"","ast-banner-title-visibility":"","ast-main-header-display":"","ast-hfb-above-header-display":"","ast-hfb-below-header-display":"","ast-hfb-mobile-header-display":"","site-post-title":"","ast-breadcrumbs-content":"","ast-featured-img":"","footer-sml-layout":"","ast-disable-related-posts":"","theme-transparent-header-meta":"default","adv-header-id-meta":"","stick-header-meta":"","header-above-stick-meta":"","header-main-stick-meta":"","header-below-stick-meta":"","astra-migrate-meta-layouts":"set","ast-page-background-enabled":"default","ast-page-background-meta":{"desktop":{"background-color":"var(--ast-global-color-5)","background-image":"","background-repeat":"repeat","background-position":"center center","background-size":"auto","background-attachment":"scroll","background-type":"","background-media":"","overlay-type":"","overlay-color":"","overlay-opacity":"","overlay-gradient":""},"tablet":{"background-color":"","background-image":"","background-repeat":"repeat","background-position":"center center","background-size":"auto","background-attachment":"scroll","background-type":"","background-media":"","overlay-type":"","overlay-color":"","overlay-opacity":"","overlay-gradient":""},"mobile":{"background-color":"","background-image":"","background-repeat":"repeat","background-position":"center center","background-size":"auto","background-attachment":"scroll","background-type":"","background-media":"","overlay-type":"","overlay-color":"","overlay-opacity":"","overlay-gradient":""}},"ast-content-background-meta":{"desktop":{"background-color":"var(--ast-global-color-4)","background-image":"","background-repeat":"repeat","background-position":"center center","background-size":"auto","background-attachment":"scroll","background-type":"","background-media":"","overlay-type":"","overlay-color":"","overlay-opacity":"","overlay-gradient":""},"tablet":{"background-color":"var(--ast-global-color-4)","background-image":"","background-repeat":"repeat","background-position":"center center","background-size":"auto","background-attachment":"scroll","background-type":"","background-media":"","overlay-type":"","overlay-color":"","overlay-opacity":"","overlay-gradient":""},"mobile":{"background-color":"var(--ast-global-color-4)","background-image":"","background-repeat":"repeat","background-position":"center center","background-size":"auto","background-attachment":"scroll","background-type":"","background-media":"","overlay-type":"","overlay-color":"","overlay-opacity":"","overlay-gradient":""}}},"product_brand":[],"product_cat":[32,31,30,28],"product_tag":[],"class_list":{"0":"post-329","1":"product","2":"type-product","3":"status-publish","4":"has-post-thumbnail","6":"product_cat-aromaterapi","7":"product_cat-dhurata","8":"product_cat-konfeta","9":"product_cat-kujdesi-per-veten","10":"desktop-align-left","11":"tablet-align-left","12":"mobile-align-left","14":"first","15":"instock","16":"taxable","17":"shipping-taxable","18":"purchasable","19":"product-type-simple"},"_links":{"self":[{"href":"https:\/\/fermademiri.com\/index.php?rest_route=\/wp\/v2\/product\/329","targetHints":{"allow":["GET"]}}],"collection":[{"href":"https:\/\/fermademiri.com\/index.php?rest_route=\/wp\/v2\/product"}],"about":[{"href":"https:\/\/fermademiri.com\/index.php?rest_route=\/wp\/v2\/types\/product"}],"replies":[{"embeddable":true,"href":"https:\/\/fermademiri.com\/index.php?rest_route=%2Fwp%2Fv2%2Fcomments&post=329"}],"wp:featuredmedia":[{"embeddable":true,"href":"https:\/\/fermademiri.com\/index.php?rest_route=\/wp\/v2\/media\/250"}],"wp:attachment":[{"href":"https:\/\/fermademiri.com\/index.php?rest_route=%2Fwp%2Fv2%2Fmedia&parent=329"}],"wp:term":[{"taxonomy":"product_brand","embeddable":true,"href":"https:\/\/fermademiri.com\/index.php?rest_route=%2Fwp%2Fv2%2Fproduct_brand&post=329"},{"taxonomy":"product_cat","embeddable":true,"href":"https:\/\/fermademiri.com\/index.php?rest_route=%2Fwp%2Fv2%2Fproduct_cat&post=329"},{"taxonomy":"product_tag","embeddable":true,"href":"https:\/\/fermademiri.com\/index.php?rest_route=%2Fwp%2Fv2%2Fproduct_tag&post=329"}],"curies":[{"name":"wp","href":"https:\/\/api.w.org\/{rel}","templated":true}]}}