{"id":263,"date":"2025-07-17T09:44:18","date_gmt":"2025-07-17T09:44:18","guid":{"rendered":"http:\/\/fermademiri.com\/?post_type=product&#038;p=263"},"modified":"2025-07-17T09:46:04","modified_gmt":"2025-07-17T09:46:04","slug":"deodorant","status":"publish","type":"product","link":"https:\/\/fermademiri.com\/?product=deodorant","title":{"rendered":"Deodorant"},"content":{"rendered":"<p>Ky deodorant natyral nga <strong data-start=\"627\" data-end=\"643\">Ferma Demiri<\/strong> \u00ebsht\u00eb i krijuar me kujdes nga p\u00ebrb\u00ebr\u00ebs 100% natyral\u00eb dhe t\u00eb p\u00ebrzgjedhur: dyll blete, gjalp\u00eb shea, tea tree, vaj kokosi, bajame dhe vaj ulliri, t\u00eb pasuruar me esenca lavande dhe citronel\u00eb p\u00ebr freski t\u00eb gjat\u00eb dhe arom\u00eb relaksuese.<br data-start=\"872\" data-end=\"875\" \/>I p\u00ebrshtatsh\u00ebm p\u00ebr \u00e7do lloj l\u00ebkure, ky dezodorant ofron mbrojtje natyrale kund\u00ebr aromave t\u00eb pak\u00ebndshme pa bllokuar poret. Pa alumini, pa parabene, pa kimikate t\u00eb d\u00ebmshme \u2013 thjesht fuqi bimore q\u00eb respekton trupin t\u00ebnd.<\/p>\n<p>&nbsp;<\/p>\n<p>\ud83d\uded2 <strong data-start=\"1179\" data-end=\"1265\">Shtoje n\u00eb shport\u00eb dhe p\u00ebrqafo nj\u00eb m\u00ebnyr\u00eb t\u00eb sh\u00ebndetshme p\u00ebr kujdesin e p\u00ebrditsh\u00ebm.<\/strong><\/p>\n","protected":false},"excerpt":{"rendered":"<p>Dezodorant natyral me baz\u00eb dylli blete, gjalp\u00eb shea dhe vajra esencial\u00eb. Mbron nga aroma e pak\u00ebndshme, pa kimikate t\u00eb d\u00ebmshme.<\/p>\n<p><strong data-start=\"344\" data-end=\"402\">Porositeni tani dhe ndjeni freskin\u00eb natyrale \u00e7do dit\u00eb!<\/strong><\/p>\n","protected":false},"featured_media":229,"comment_status":"open","ping_status":"closed","template":"","meta":{"site-sidebar-layout":"default","site-content-layout":"","ast-site-content-layout":"default","site-content-style":"default","site-sidebar-style":"default","ast-global-header-display":"","ast-banner-title-visibility":"","ast-main-header-display":"","ast-hfb-above-header-display":"","ast-hfb-below-header-display":"","ast-hfb-mobile-header-display":"","site-post-title":"","ast-breadcrumbs-content":"","ast-featured-img":"","footer-sml-layout":"","ast-disable-related-posts":"","theme-transparent-header-meta":"default","adv-header-id-meta":"","stick-header-meta":"","header-above-stick-meta":"","header-main-stick-meta":"","header-below-stick-meta":"","astra-migrate-meta-layouts":"set","ast-page-background-enabled":"default","ast-page-background-meta":{"desktop":{"background-color":"var(--ast-global-color-5)","background-image":"","background-repeat":"repeat","background-position":"center center","background-size":"auto","background-attachment":"scroll","background-type":"","background-media":"","overlay-type":"","overlay-color":"","overlay-opacity":"","overlay-gradient":""},"tablet":{"background-color":"","background-image":"","background-repeat":"repeat","background-position":"center center","background-size":"auto","background-attachment":"scroll","background-type":"","background-media":"","overlay-type":"","overlay-color":"","overlay-opacity":"","overlay-gradient":""},"mobile":{"background-color":"","background-image":"","background-repeat":"repeat","background-position":"center center","background-size":"auto","background-attachment":"scroll","background-type":"","background-media":"","overlay-type":"","overlay-color":"","overlay-opacity":"","overlay-gradient":""}},"ast-content-background-meta":{"desktop":{"background-color":"var(--ast-global-color-4)","background-image":"","background-repeat":"repeat","background-position":"center center","background-size":"auto","background-attachment":"scroll","background-type":"","background-media":"","overlay-type":"","overlay-color":"","overlay-opacity":"","overlay-gradient":""},"tablet":{"background-color":"var(--ast-global-color-4)","background-image":"","background-repeat":"repeat","background-position":"center center","background-size":"auto","background-attachment":"scroll","background-type":"","background-media":"","overlay-type":"","overlay-color":"","overlay-opacity":"","overlay-gradient":""},"mobile":{"background-color":"var(--ast-global-color-4)","background-image":"","background-repeat":"repeat","background-position":"center center","background-size":"auto","background-attachment":"scroll","background-type":"","background-media":"","overlay-type":"","overlay-color":"","overlay-opacity":"","overlay-gradient":""}}},"product_brand":[],"product_cat":[15,28],"product_tag":[29],"class_list":{"0":"post-263","1":"product","2":"type-product","3":"status-publish","4":"has-post-thumbnail","6":"product_cat-uncategorized","7":"product_cat-kujdesi-per-veten","8":"product_tag-deodorant","9":"desktop-align-left","10":"tablet-align-left","11":"mobile-align-left","13":"first","14":"instock","15":"taxable","16":"shipping-taxable","17":"purchasable","18":"product-type-simple"},"_links":{"self":[{"href":"https:\/\/fermademiri.com\/index.php?rest_route=\/wp\/v2\/product\/263","targetHints":{"allow":["GET"]}}],"collection":[{"href":"https:\/\/fermademiri.com\/index.php?rest_route=\/wp\/v2\/product"}],"about":[{"href":"https:\/\/fermademiri.com\/index.php?rest_route=\/wp\/v2\/types\/product"}],"replies":[{"embeddable":true,"href":"https:\/\/fermademiri.com\/index.php?rest_route=%2Fwp%2Fv2%2Fcomments&post=263"}],"wp:featuredmedia":[{"embeddable":true,"href":"https:\/\/fermademiri.com\/index.php?rest_route=\/wp\/v2\/media\/229"}],"wp:attachment":[{"href":"https:\/\/fermademiri.com\/index.php?rest_route=%2Fwp%2Fv2%2Fmedia&parent=263"}],"wp:term":[{"taxonomy":"product_brand","embeddable":true,"href":"https:\/\/fermademiri.com\/index.php?rest_route=%2Fwp%2Fv2%2Fproduct_brand&post=263"},{"taxonomy":"product_cat","embeddable":true,"href":"https:\/\/fermademiri.com\/index.php?rest_route=%2Fwp%2Fv2%2Fproduct_cat&post=263"},{"taxonomy":"product_tag","embeddable":true,"href":"https:\/\/fermademiri.com\/index.php?rest_route=%2Fwp%2Fv2%2Fproduct_tag&post=263"}],"curies":[{"name":"wp","href":"https:\/\/api.w.org\/{rel}","templated":true}]}}