{"id":262,"date":"2025-07-17T09:39:55","date_gmt":"2025-07-17T09:39:55","guid":{"rendered":"http:\/\/fermademiri.com\/?post_type=product&#038;p=262"},"modified":"2025-07-21T01:19:37","modified_gmt":"2025-07-21T01:19:37","slug":"262","status":"publish","type":"product","link":"https:\/\/fermademiri.com\/?product=262","title":{"rendered":"Serum per qerpike dhe vetulla"},"content":{"rendered":"<p data-start=\"585\" data-end=\"1032\">Ky serum unik p\u00ebr qerpik\u00eb dhe vetulla \u00ebsht\u00eb i p\u00ebrgatitur me p\u00ebrkujdesje n\u00eb Ferma Demiri, duke p\u00ebrdorur p\u00ebrb\u00ebr\u00ebs 100% natyral\u00eb si vaj ricini, vaj bajameje dhe p\u00ebrzierje bimore me veti ushqyese dhe rigjeneruese.<br data-start=\"794\" data-end=\"797\" \/>Ai ndihmon n\u00eb stimulimin e rritjes natyrale t\u00eb qerpik\u00ebve dhe vetullave, forcon rr\u00ebnj\u00ebt dhe p\u00ebrmir\u00ebson duksh\u00ebm dend\u00ebsin\u00eb dhe shk\u00eblqimin. I p\u00ebrshtatsh\u00ebm p\u00ebr p\u00ebrdorim t\u00eb p\u00ebrditsh\u00ebm, pa kimikate, pa parabene dhe pa aromatizues artificial\u00eb.<\/p>\n<p data-start=\"1034\" data-end=\"1246\">E rekomanduar p\u00ebr ata q\u00eb kan\u00eb humbur dend\u00ebsin\u00eb natyrale pas p\u00ebrdorimit t\u00eb produkteve agresive ose pas nd\u00ebrhyrjes kozmetike.<\/p>\n<p data-start=\"1248\" data-end=\"1307\">Ambalazh i vog\u00ebl me fur\u00e7\u00eb praktike p\u00ebr aplikim t\u00eb leht\u00eb.<\/p>\n","protected":false},"excerpt":{"rendered":"<p>Serum natyral p\u00ebr qerpik\u00eb dhe vetulla, i p\u00ebrgatitur me vajra bimor\u00eb t\u00eb pasur q\u00eb stimulojn\u00eb rritjen, forcojn\u00eb rr\u00ebnj\u00ebt dhe rigjenerojn\u00eb fije t\u00eb rralluara. I sigurt, pa kimikate \u2013 p\u00ebr bukuri t\u00eb natyrshme \u00e7do dit\u00eb.<\/p>\n","protected":false},"featured_media":342,"comment_status":"open","ping_status":"closed","template":"","meta":{"site-sidebar-layout":"default","site-content-layout":"","ast-site-content-layout":"default","site-content-style":"default","site-sidebar-style":"default","ast-global-header-display":"","ast-banner-title-visibility":"","ast-main-header-display":"","ast-hfb-above-header-display":"","ast-hfb-below-header-display":"","ast-hfb-mobile-header-display":"","site-post-title":"","ast-breadcrumbs-content":"","ast-featured-img":"","footer-sml-layout":"","ast-disable-related-posts":"","theme-transparent-header-meta":"default","adv-header-id-meta":"","stick-header-meta":"","header-above-stick-meta":"","header-main-stick-meta":"","header-below-stick-meta":"","astra-migrate-meta-layouts":"set","ast-page-background-enabled":"default","ast-page-background-meta":{"desktop":{"background-color":"var(--ast-global-color-5)","background-image":"","background-repeat":"repeat","background-position":"center center","background-size":"auto","background-attachment":"scroll","background-type":"","background-media":"","overlay-type":"","overlay-color":"","overlay-opacity":"","overlay-gradient":""},"tablet":{"background-color":"","background-image":"","background-repeat":"repeat","background-position":"center center","background-size":"auto","background-attachment":"scroll","background-type":"","background-media":"","overlay-type":"","overlay-color":"","overlay-opacity":"","overlay-gradient":""},"mobile":{"background-color":"","background-image":"","background-repeat":"repeat","background-position":"center center","background-size":"auto","background-attachment":"scroll","background-type":"","background-media":"","overlay-type":"","overlay-color":"","overlay-opacity":"","overlay-gradient":""}},"ast-content-background-meta":{"desktop":{"background-color":"var(--ast-global-color-4)","background-image":"","background-repeat":"repeat","background-position":"center center","background-size":"auto","background-attachment":"scroll","background-type":"","background-media":"","overlay-type":"","overlay-color":"","overlay-opacity":"","overlay-gradient":""},"tablet":{"background-color":"var(--ast-global-color-4)","background-image":"","background-repeat":"repeat","background-position":"center center","background-size":"auto","background-attachment":"scroll","background-type":"","background-media":"","overlay-type":"","overlay-color":"","overlay-opacity":"","overlay-gradient":""},"mobile":{"background-color":"var(--ast-global-color-4)","background-image":"","background-repeat":"repeat","background-position":"center center","background-size":"auto","background-attachment":"scroll","background-type":"","background-media":"","overlay-type":"","overlay-color":"","overlay-opacity":"","overlay-gradient":""}}},"product_brand":[],"product_cat":[28],"product_tag":[],"class_list":{"0":"post-262","1":"product","2":"type-product","3":"status-publish","4":"has-post-thumbnail","6":"product_cat-kujdesi-per-veten","7":"desktop-align-left","8":"tablet-align-left","9":"mobile-align-left","11":"first","12":"instock","13":"taxable","14":"shipping-taxable","15":"purchasable","16":"product-type-simple"},"_links":{"self":[{"href":"https:\/\/fermademiri.com\/index.php?rest_route=\/wp\/v2\/product\/262","targetHints":{"allow":["GET"]}}],"collection":[{"href":"https:\/\/fermademiri.com\/index.php?rest_route=\/wp\/v2\/product"}],"about":[{"href":"https:\/\/fermademiri.com\/index.php?rest_route=\/wp\/v2\/types\/product"}],"replies":[{"embeddable":true,"href":"https:\/\/fermademiri.com\/index.php?rest_route=%2Fwp%2Fv2%2Fcomments&post=262"}],"wp:featuredmedia":[{"embeddable":true,"href":"https:\/\/fermademiri.com\/index.php?rest_route=\/wp\/v2\/media\/342"}],"wp:attachment":[{"href":"https:\/\/fermademiri.com\/index.php?rest_route=%2Fwp%2Fv2%2Fmedia&parent=262"}],"wp:term":[{"taxonomy":"product_brand","embeddable":true,"href":"https:\/\/fermademiri.com\/index.php?rest_route=%2Fwp%2Fv2%2Fproduct_brand&post=262"},{"taxonomy":"product_cat","embeddable":true,"href":"https:\/\/fermademiri.com\/index.php?rest_route=%2Fwp%2Fv2%2Fproduct_cat&post=262"},{"taxonomy":"product_tag","embeddable":true,"href":"https:\/\/fermademiri.com\/index.php?rest_route=%2Fwp%2Fv2%2Fproduct_tag&post=262"}],"curies":[{"name":"wp","href":"https:\/\/api.w.org\/{rel}","templated":true}]}}