{"id":261,"date":"2025-07-17T08:56:40","date_gmt":"2025-07-17T08:56:40","guid":{"rendered":"http:\/\/fermademiri.com\/?post_type=product&#038;p=261"},"modified":"2025-08-22T11:32:01","modified_gmt":"2025-08-22T11:32:01","slug":"zbutes-per-buzet","status":"publish","type":"product","link":"https:\/\/fermademiri.com\/?product=zbutes-per-buzet","title":{"rendered":"Zbutes per buzet"},"content":{"rendered":"<div class=\"flex basis-auto flex-col -mb-(--composer-overlap-px) [--composer-overlap-px:55px] grow overflow-hidden\">\n<div class=\"relative h-full\">\n<div class=\"flex h-full flex-col overflow-y-auto [scrollbar-gutter:stable_both-edges] @[84rem]\/thread:pt-(--header-height)\">\n<div class=\"@thread-xl\/thread:pt-header-height flex flex-col text-sm pb-25\">\n<article class=\"text-token-text-primary w-full\" dir=\"auto\" data-testid=\"conversation-turn-60\" data-scroll-anchor=\"true\">\n<div class=\"text-base my-auto mx-auto py-5 [--thread-content-margin:--spacing(4)] @[37rem]:[--thread-content-margin:--spacing(6)] @[72rem]:[--thread-content-margin:--spacing(16)] px-(--thread-content-margin)\">\n<div class=\"[--thread-content-max-width:32rem] @[34rem]:[--thread-content-max-width:40rem] @[64rem]:[--thread-content-max-width:48rem] mx-auto flex max-w-(--thread-content-max-width) flex-1 text-base gap-4 md:gap-5 lg:gap-6 group\/turn-messages focus-visible:outline-hidden\" tabindex=\"-1\">\n<div class=\"group\/conversation-turn relative flex w-full min-w-0 flex-col agent-turn\">\n<div class=\"relative flex-col gap-1 md:gap-3\">\n<div class=\"flex max-w-full flex-col grow\">\n<div class=\"min-h-8 text-message relative flex w-full flex-col items-end gap-2 text-start break-words whitespace-normal [.text-message+&amp;]:mt-5\" dir=\"auto\" data-message-author-role=\"assistant\" data-message-id=\"e50d25b9-cb82-4a0b-b590-506b86369e79\" data-message-model-slug=\"gpt-4o\">\n<div class=\"flex w-full flex-col gap-1 empty:hidden first:pt-[3px]\">\n<div class=\"markdown prose dark:prose-invert w-full break-words light\">\n<p data-start=\"381\" data-end=\"618\"><strong data-start=\"384\" data-end=\"421\">Balsami i buz\u00ebve nga Ferma Demiri<\/strong> \u00ebsht\u00eb nj\u00eb produkt artizanal i punuar me dashuri n\u00eb ferm\u00ebn ton\u00eb pran\u00eb natyr\u00ebs. Formuluar me <strong data-start=\"513\" data-end=\"565\">vaj ulliri ekstra i virgj\u00ebr t\u00eb prodhuar n\u00eb ferm\u00eb<\/strong>, <strong data-start=\"567\" data-end=\"582\">dyll\u00eb blete<\/strong>, dhe p\u00ebrb\u00ebr\u00ebs t\u00eb tjer\u00eb natyral\u00eb si:<\/p>\n<ul data-start=\"620\" data-end=\"814\">\n<li data-start=\"620\" data-end=\"695\">\n<p data-start=\"622\" data-end=\"695\"><strong data-start=\"622\" data-end=\"642\">Gjalp natyral<\/strong>\u00a0(si gjalpi i kakaos apo shea \u2013 var\u00ebsisht versionit),<\/p>\n<\/li>\n<li data-start=\"696\" data-end=\"754\">\n<p data-start=\"698\" data-end=\"754\"><strong data-start=\"698\" data-end=\"753\">Vajra esencial\u00eb t\u00eb lavand\u00ebs, portokallit, ose mente<\/strong>,<\/p>\n<\/li>\n<li data-start=\"755\" data-end=\"814\">\n<p data-start=\"757\" data-end=\"814\"><strong data-start=\"757\" data-end=\"771\">Vitamin\u00eb E<\/strong> p\u00ebr rigjenerim dhe mbrojtje antioksiduese.<\/p>\n<\/li>\n<\/ul>\n<p data-start=\"816\" data-end=\"981\">Ky balsam hidraton thell\u00ebsisht, sh\u00ebron buz\u00ebt e plasaritura dhe krijon nj\u00eb shtres\u00eb mbrojt\u00ebse natyrale pa p\u00ebrb\u00ebr\u00ebs kimik\u00eb, pa parabene dhe pa ngjyrues artificial\u00eb. Vepron shume mire si parandalues dhe trajtues i herpesit.<\/p>\n<p data-start=\"983\" data-end=\"1162\">I disponuesh\u00ebm n\u00eb versione me aroma t\u00eb ndryshme si: <strong data-start=\"1038\" data-end=\"1105\">Lavand\u00eb relaksuese, Portokall freskues, Lule kamomili qet\u00ebsuese<\/strong>, ose <strong data-start=\"1111\" data-end=\"1131\">Natyral pa arom\u00eb<\/strong> p\u00ebr ata me l\u00ebkur\u00eb t\u00eb ndjeshme.<\/p>\n<p data-start=\"983\" data-end=\"1162\">P\u00ebrshtatet p\u00ebr t\u00eb gjith\u00eb moshat dhe mund t\u00eb p\u00ebrdoret \u00e7do dit\u00eb si pjes\u00eb e rutin\u00ebs natyrale t\u00eb kujdesit ndaj vetes.<\/p>\n<hr data-start=\"1282\" data-end=\"1285\" \/>\n<\/div>\n<\/div>\n<\/div>\n<\/div>\n<\/div>\n<\/div>\n<\/div>\n<\/div>\n<\/article>\n<\/div>\n<\/div>\n<\/div>\n<\/div>\n<div id=\"thread-bottom-container\" class=\"content-fade relative isolate z-10 w-full basis-auto has-data-has-thread-error:pt-2 has-data-has-thread-error:[box-shadow:var(--sharp-edge-bottom-shadow)] md:border-transparent md:pt-0 dark:border-white\/20 md:dark:border-transparent flex flex-col\">\n<div id=\"thread-bottom\">\n<div class=\"text-base mx-auto [--thread-content-margin:--spacing(4)] @[37rem]:[--thread-content-margin:--spacing(6)] @[72rem]:[--thread-content-margin:--spacing(16)] px-(--thread-content-margin)\">\n<div class=\"[--thread-content-max-width:32rem] @[34rem]:[--thread-content-max-width:40rem] @[64rem]:[--thread-content-max-width:48rem] mx-auto flex max-w-(--thread-content-max-width) flex-1 text-base gap-4 md:gap-5 lg:gap-6\">\n<div class=\"max-xs:[--force-hide-label:none] relative z-1 flex h-full max-w-full flex-1 flex-col\">\n<div class=\"absolute start-0 end-0 bottom-full z-20\"><\/div>\n<\/div>\n<\/div>\n<\/div>\n<\/div>\n<\/div>\n","protected":false},"excerpt":{"rendered":"<p>I pasur me vaj ulliri ekstra i virgj\u00ebr, dyll\u00eb blete dhe p\u00ebrb\u00ebr\u00ebs 100% natyral\u00eb, ky balsam mbron dhe zbut buz\u00ebt n\u00eb m\u00ebnyr\u00eb t\u00eb sigurt e efektive. I disponuesh\u00ebm n\u00eb disa aroma t\u00eb k\u00ebndshme \u2013 ideal p\u00ebr \u00e7do stin\u00eb!<\/p>\n","protected":false},"featured_media":187,"comment_status":"open","ping_status":"closed","template":"","meta":{"site-sidebar-layout":"default","site-content-layout":"","ast-site-content-layout":"default","site-content-style":"default","site-sidebar-style":"default","ast-global-header-display":"","ast-banner-title-visibility":"","ast-main-header-display":"","ast-hfb-above-header-display":"","ast-hfb-below-header-display":"","ast-hfb-mobile-header-display":"","site-post-title":"","ast-breadcrumbs-content":"","ast-featured-img":"","footer-sml-layout":"","ast-disable-related-posts":"","theme-transparent-header-meta":"default","adv-header-id-meta":"","stick-header-meta":"","header-above-stick-meta":"","header-main-stick-meta":"","header-below-stick-meta":"","astra-migrate-meta-layouts":"set","ast-page-background-enabled":"default","ast-page-background-meta":{"desktop":{"background-color":"var(--ast-global-color-5)","background-image":"","background-repeat":"repeat","background-position":"center center","background-size":"auto","background-attachment":"scroll","background-type":"","background-media":"","overlay-type":"","overlay-color":"","overlay-opacity":"","overlay-gradient":""},"tablet":{"background-color":"","background-image":"","background-repeat":"repeat","background-position":"center center","background-size":"auto","background-attachment":"scroll","background-type":"","background-media":"","overlay-type":"","overlay-color":"","overlay-opacity":"","overlay-gradient":""},"mobile":{"background-color":"","background-image":"","background-repeat":"repeat","background-position":"center center","background-size":"auto","background-attachment":"scroll","background-type":"","background-media":"","overlay-type":"","overlay-color":"","overlay-opacity":"","overlay-gradient":""}},"ast-content-background-meta":{"desktop":{"background-color":"var(--ast-global-color-4)","background-image":"","background-repeat":"repeat","background-position":"center center","background-size":"auto","background-attachment":"scroll","background-type":"","background-media":"","overlay-type":"","overlay-color":"","overlay-opacity":"","overlay-gradient":""},"tablet":{"background-color":"var(--ast-global-color-4)","background-image":"","background-repeat":"repeat","background-position":"center center","background-size":"auto","background-attachment":"scroll","background-type":"","background-media":"","overlay-type":"","overlay-color":"","overlay-opacity":"","overlay-gradient":""},"mobile":{"background-color":"var(--ast-global-color-4)","background-image":"","background-repeat":"repeat","background-position":"center center","background-size":"auto","background-attachment":"scroll","background-type":"","background-media":"","overlay-type":"","overlay-color":"","overlay-opacity":"","overlay-gradient":""}}},"product_brand":[],"product_cat":[15],"product_tag":[],"class_list":{"0":"post-261","1":"product","2":"type-product","3":"status-publish","4":"has-post-thumbnail","6":"product_cat-uncategorized","7":"desktop-align-left","8":"tablet-align-left","9":"mobile-align-left","11":"first","12":"instock","13":"taxable","14":"shipping-taxable","15":"purchasable","16":"product-type-variable"},"_links":{"self":[{"href":"https:\/\/fermademiri.com\/index.php?rest_route=\/wp\/v2\/product\/261","targetHints":{"allow":["GET"]}}],"collection":[{"href":"https:\/\/fermademiri.com\/index.php?rest_route=\/wp\/v2\/product"}],"about":[{"href":"https:\/\/fermademiri.com\/index.php?rest_route=\/wp\/v2\/types\/product"}],"replies":[{"embeddable":true,"href":"https:\/\/fermademiri.com\/index.php?rest_route=%2Fwp%2Fv2%2Fcomments&post=261"}],"wp:featuredmedia":[{"embeddable":true,"href":"https:\/\/fermademiri.com\/index.php?rest_route=\/wp\/v2\/media\/187"}],"wp:attachment":[{"href":"https:\/\/fermademiri.com\/index.php?rest_route=%2Fwp%2Fv2%2Fmedia&parent=261"}],"wp:term":[{"taxonomy":"product_brand","embeddable":true,"href":"https:\/\/fermademiri.com\/index.php?rest_route=%2Fwp%2Fv2%2Fproduct_brand&post=261"},{"taxonomy":"product_cat","embeddable":true,"href":"https:\/\/fermademiri.com\/index.php?rest_route=%2Fwp%2Fv2%2Fproduct_cat&post=261"},{"taxonomy":"product_tag","embeddable":true,"href":"https:\/\/fermademiri.com\/index.php?rest_route=%2Fwp%2Fv2%2Fproduct_tag&post=261"}],"curies":[{"name":"wp","href":"https:\/\/api.w.org\/{rel}","templated":true}]}}