{"id":102,"date":"2025-07-14T16:28:19","date_gmt":"2025-07-14T16:28:19","guid":{"rendered":"http:\/\/fermademiri.com\/?post_type=product&#038;p=102"},"modified":"2025-07-14T17:18:32","modified_gmt":"2025-07-14T17:18:32","slug":"vaj-ulliri-i-infuzuar-me-lule-basani","status":"publish","type":"product","link":"https:\/\/fermademiri.com\/?product=vaj-ulliri-i-infuzuar-me-lule-basani","title":{"rendered":"Vaj ulliri i infuzuar me Lule Basani"},"content":{"rendered":"<p><strong>Vaj i infuzuar me lule basani<\/strong> \u00ebsht\u00eb nj\u00eb kombinim i rrall\u00eb dhe aromatik i vajit ton\u00eb ekstra t\u00eb virgj\u00ebr me lule t\u00eb zgjedhura t\u00eb basanit t\u00eb thar\u00eb natyralisht.<\/p>\n<ul>\n<li>\ud83c\udf3f 100% natyral \u2013 pa aditiv\u00eb apo konservant\u00eb<\/li>\n<li>\ud83d\udca7 I p\u00ebrgatitur me presim t\u00eb ftoht\u00eb<\/li>\n<li>\ud83c\udf3c Arom\u00eb e qet\u00eb dhe e leht\u00eb, perfekte p\u00ebr sallata, pjekje t\u00eb lehta dhe receta me baz\u00eb perimesh<\/li>\n<li>\ud83c\udf81 Ideal p\u00ebr dhurat\u00eb ose p\u00ebrdorim t\u00eb p\u00ebrditsh\u00ebm n\u00eb kuzhin\u00eb<\/li>\n<\/ul>\n","protected":false},"excerpt":{"rendered":"<p>Vaj ulliri ekstra i virgj\u00ebr i p\u00ebrzier me lule basani t\u00eb thar\u00eb, i p\u00ebrgatitur n\u00eb m\u00ebnyr\u00eb artizanale p\u00ebr shije t\u00eb but\u00eb dhe arom\u00eb delikate.<\/p>\n","protected":false},"featured_media":122,"comment_status":"open","ping_status":"closed","template":"","meta":{"site-sidebar-layout":"default","site-content-layout":"","ast-site-content-layout":"default","site-content-style":"default","site-sidebar-style":"default","ast-global-header-display":"","ast-banner-title-visibility":"","ast-main-header-display":"","ast-hfb-above-header-display":"","ast-hfb-below-header-display":"","ast-hfb-mobile-header-display":"","site-post-title":"","ast-breadcrumbs-content":"","ast-featured-img":"","footer-sml-layout":"","ast-disable-related-posts":"","theme-transparent-header-meta":"default","adv-header-id-meta":"","stick-header-meta":"","header-above-stick-meta":"","header-main-stick-meta":"","header-below-stick-meta":"","astra-migrate-meta-layouts":"set","ast-page-background-enabled":"default","ast-page-background-meta":{"desktop":{"background-color":"var(--ast-global-color-5)","background-image":"","background-repeat":"repeat","background-position":"center center","background-size":"auto","background-attachment":"scroll","background-type":"","background-media":"","overlay-type":"","overlay-color":"","overlay-opacity":"","overlay-gradient":""},"tablet":{"background-color":"","background-image":"","background-repeat":"repeat","background-position":"center center","background-size":"auto","background-attachment":"scroll","background-type":"","background-media":"","overlay-type":"","overlay-color":"","overlay-opacity":"","overlay-gradient":""},"mobile":{"background-color":"","background-image":"","background-repeat":"repeat","background-position":"center center","background-size":"auto","background-attachment":"scroll","background-type":"","background-media":"","overlay-type":"","overlay-color":"","overlay-opacity":"","overlay-gradient":""}},"ast-content-background-meta":{"desktop":{"background-color":"var(--ast-global-color-4)","background-image":"","background-repeat":"repeat","background-position":"center center","background-size":"auto","background-attachment":"scroll","background-type":"","background-media":"","overlay-type":"","overlay-color":"","overlay-opacity":"","overlay-gradient":""},"tablet":{"background-color":"var(--ast-global-color-4)","background-image":"","background-repeat":"repeat","background-position":"center center","background-size":"auto","background-attachment":"scroll","background-type":"","background-media":"","overlay-type":"","overlay-color":"","overlay-opacity":"","overlay-gradient":""},"mobile":{"background-color":"var(--ast-global-color-4)","background-image":"","background-repeat":"repeat","background-position":"center center","background-size":"auto","background-attachment":"scroll","background-type":"","background-media":"","overlay-type":"","overlay-color":"","overlay-opacity":"","overlay-gradient":""}}},"product_brand":[],"product_cat":[22],"product_tag":[24,23,25],"class_list":{"0":"post-102","1":"product","2":"type-product","3":"status-publish","4":"has-post-thumbnail","6":"product_cat-vajra-te-infuzuar","7":"product_tag-lule-basani","8":"product_tag-vaj-ulliri","9":"product_tag-vajra-te-infuzuar","10":"desktop-align-left","11":"tablet-align-left","12":"mobile-align-left","14":"first","15":"instock","16":"sale","17":"taxable","18":"shipping-taxable","19":"purchasable","20":"product-type-simple"},"_links":{"self":[{"href":"https:\/\/fermademiri.com\/index.php?rest_route=\/wp\/v2\/product\/102","targetHints":{"allow":["GET"]}}],"collection":[{"href":"https:\/\/fermademiri.com\/index.php?rest_route=\/wp\/v2\/product"}],"about":[{"href":"https:\/\/fermademiri.com\/index.php?rest_route=\/wp\/v2\/types\/product"}],"replies":[{"embeddable":true,"href":"https:\/\/fermademiri.com\/index.php?rest_route=%2Fwp%2Fv2%2Fcomments&post=102"}],"wp:featuredmedia":[{"embeddable":true,"href":"https:\/\/fermademiri.com\/index.php?rest_route=\/wp\/v2\/media\/122"}],"wp:attachment":[{"href":"https:\/\/fermademiri.com\/index.php?rest_route=%2Fwp%2Fv2%2Fmedia&parent=102"}],"wp:term":[{"taxonomy":"product_brand","embeddable":true,"href":"https:\/\/fermademiri.com\/index.php?rest_route=%2Fwp%2Fv2%2Fproduct_brand&post=102"},{"taxonomy":"product_cat","embeddable":true,"href":"https:\/\/fermademiri.com\/index.php?rest_route=%2Fwp%2Fv2%2Fproduct_cat&post=102"},{"taxonomy":"product_tag","embeddable":true,"href":"https:\/\/fermademiri.com\/index.php?rest_route=%2Fwp%2Fv2%2Fproduct_tag&post=102"}],"curies":[{"name":"wp","href":"https:\/\/api.w.org\/{rel}","templated":true}]}}