{"id":79,"date":"2025-07-14T16:05:15","date_gmt":"2025-07-14T16:05:15","guid":{"rendered":"http:\/\/fermademiri.com\/?page_id=79"},"modified":"2025-08-13T12:00:32","modified_gmt":"2025-08-13T12:00:32","slug":"kontakt","status":"publish","type":"page","link":"https:\/\/fermademiri.com\/?page_id=79","title":{"rendered":"Kontakt"},"content":{"rendered":"\n<!-- Harta n\u00eb fillim t\u00eb faqes -->\n<div style=\"width: 100%; height: 400px;\">\n  <iframe src=\"https:\/\/www.google.com\/maps\/embed?pb=!1m18!1m12!1m3!1d2992.0116119626505!2d19.799154200000004!3d41.4172666!2m3!1f0!2f0!3f0!3m2!1i1024!2i768!4f13.1!3m3!1m2!1s0x1350335c18b31467%3A0x60c0f8d6701b1918!2sFerma%20Demiri!5e0!3m2!1sen!2s!4v1754921599175!5m2!1sen!2s\" \n    width=\"100%\" \n    height=\"100%\" \n    style=\"border:0;\" \n    allowfullscreen=\"\" \n    loading=\"lazy\" \n    referrerpolicy=\"no-referrer-when-downgrade\">\n  <\/iframe>\n<\/div>\n<br>\n<br>\n<style>\n.contact-section {\n  display: flex;\n  flex-wrap: wrap;\n  gap: 40px;\n  font-family: Arial, sans-serif;\n}\n\n.contact-info {\n  flex: 1;\n  min-width: 280px;\n  background: #fff;\n  padding: 30px;\n  box-shadow: 0 2px 8px rgba(0, 0, 0, 0.05);\n  border-radius: 4px;\n}\n\n.contact-info h3 {\n  font-size: 22px;\n  font-weight: bold;\n  margin-bottom: 10px;\n}\n\n.contact-info p {\n  font-size: 14px;\n  color: #555;\n  margin-bottom: 20px;\n}\n\n.contact-info .info-item {\n  display: flex;\n  align-items: flex-start;\n  margin-bottom: 20px;\n}\n\n.contact-info .info-item i {\n  font-size: 20px;\n  color: #2f8d46;\n  margin-right: 10px;\n}\n\n.contact-info .info-item strong {\n  display: block;\n  font-size: 14px;\n  color: #000;\n}\n\n.contact-info .info-item span {\n  font-size: 14px;\n  color: #555;\n}\n.contact-info .info-item a {\n  font-size: 14px;\n  color: #555;\n  text-decoration: none;\n}\n\n.contact-info .info-item a:hover {\n  text-decoration: underline;\n}\n.contact-form {\n  flex: 2;\n  min-width: 300px;\n}\n\n.contact-form form {\n  display: flex;\n  flex-wrap: wrap;\n  gap: 15px;\n}\n\n.contact-form input,\n.contact-form textarea {\n  width: 100%;\n  padding: 10px;\n  border: 1px solid #ddd;\n  font-size: 14px;\n  border-radius: 2px;\n}\n\n.contact-form .half-width {\n  flex: 1;\n  min-width: calc(50% - 7.5px);\n}\n\n.contact-form button {\n  background-color: #0b6623;\n  color: #fff;\n  padding: 10px 20px;\n  border: none;\n  border-radius: 4px;\n  cursor: pointer;\n}\n\n.contact-form button:hover {\n  background-color: #09551d;\n}\n<\/style>\n\n<div class=\"contact-section\">\n  <!-- Contact Info -->\n  <div class=\"contact-info\">\n    <h3>Ferma Demiri<\/h3>\n    <p>Vet\u00ebm pak minuta nga qendra e Tiran\u00ebs, buz\u00eb liqenit t\u00eb Cerkez\u00ebs.<\/p>\n    \n    <div class=\"info-item\">\n      <i class=\"fas fa-map-marker-alt\"><\/i>\n      <div>\n        <strong>\ud83d\udccd Adresa:<\/strong>\n        <span>Ferma Demiri, Tiran\u00eb, Shqip\u00ebri<\/span>\n      <\/div>\n    <\/div>\n\n    <div class=\"info-item\">\n      <i class=\"fas fa-envelope\"><\/i>\n      <div>\n        <strong>\ud83d\udce7 Email:<\/strong>\n        <a href=\"mailto:info@fermademiri.com\">info@fermademiri.com<\/a>\n      <\/div>\n    <\/div>\n\n    <div class=\"info-item\">\n      <i class=\"fas fa-phone\"><\/i>\n      <div>\n        <strong>\ud83d\udcde Tel: <\/strong>\n        <a href=\"tel:+355 67 2535206\">+355 67 2535206<\/a>\n      <\/div>\n    <\/div>\n  <\/div>\n\n  <!-- Contact Form -->\n  <div class=\"contact-form\">\n    <form action=\"#\" method=\"post\">\n      <input type=\"text\" class=\"half-width\" name=\"name\" placeholder=\"Your Name\" required>\n      <input type=\"email\" class=\"half-width\" name=\"email\" placeholder=\"Your Email\" required>\n      <input type=\"text\" name=\"subject\" placeholder=\"Subject\" required>\n      <textarea name=\"message\" rows=\"8\" placeholder=\"Message\" required><\/textarea>\n      <button type=\"submit\">D\u00ebrgo Mesazhin<\/button>\n    <\/form>\n  <\/div>\n<\/div>\n\n<!-- Font Awesome for icons -->\n<script src=\"https:\/\/kit.fontawesome.com\/a076d05399.js\" crossorigin=\"anonymous\"><\/script>\n\n\n\n<p><\/p>\n","protected":false},"excerpt":{"rendered":"<p>Ferma Demiri Vet\u00ebm pak minuta nga qendra e Tiran\u00ebs, buz\u00eb liqenit t\u00eb Cerkez\u00ebs. \ud83d\udccd Adresa: Ferma Demiri, Tiran\u00eb, Shqip\u00ebri \ud83d\udce7 [&hellip;]<\/p>\n","protected":false},"author":1,"featured_media":0,"parent":0,"menu_order":0,"comment_status":"closed","ping_status":"closed","template":"","meta":{"site-sidebar-layout":"default","site-content-layout":"","ast-site-content-layout":"default","site-content-style":"default","site-sidebar-style":"default","ast-global-header-display":"","ast-banner-title-visibility":"","ast-main-header-display":"","ast-hfb-above-header-display":"","ast-hfb-below-header-display":"","ast-hfb-mobile-header-display":"","site-post-title":"","ast-breadcrumbs-content":"","ast-featured-img":"","footer-sml-layout":"","ast-disable-related-posts":"","theme-transparent-header-meta":"","adv-header-id-meta":"","stick-header-meta":"","header-above-stick-meta":"","header-main-stick-meta":"","header-below-stick-meta":"","astra-migrate-meta-layouts":"default","ast-page-background-enabled":"default","ast-page-background-meta":{"desktop":{"background-color":"var(--ast-global-color-5)","background-image":"","background-repeat":"repeat","background-position":"center center","background-size":"auto","background-attachment":"scroll","background-type":"","background-media":"","overlay-type":"","overlay-color":"","overlay-opacity":"","overlay-gradient":""},"tablet":{"background-color":"","background-image":"","background-repeat":"repeat","background-position":"center center","background-size":"auto","background-attachment":"scroll","background-type":"","background-media":"","overlay-type":"","overlay-color":"","overlay-opacity":"","overlay-gradient":""},"mobile":{"background-color":"","background-image":"","background-repeat":"repeat","background-position":"center center","background-size":"auto","background-attachment":"scroll","background-type":"","background-media":"","overlay-type":"","overlay-color":"","overlay-opacity":"","overlay-gradient":""}},"ast-content-background-meta":{"desktop":{"background-color":"var(--ast-global-color-4)","background-image":"","background-repeat":"repeat","background-position":"center center","background-size":"auto","background-attachment":"scroll","background-type":"","background-media":"","overlay-type":"","overlay-color":"","overlay-opacity":"","overlay-gradient":""},"tablet":{"background-color":"var(--ast-global-color-4)","background-image":"","background-repeat":"repeat","background-position":"center center","background-size":"auto","background-attachment":"scroll","background-type":"","background-media":"","overlay-type":"","overlay-color":"","overlay-opacity":"","overlay-gradient":""},"mobile":{"background-color":"var(--ast-global-color-4)","background-image":"","background-repeat":"repeat","background-position":"center center","background-size":"auto","background-attachment":"scroll","background-type":"","background-media":"","overlay-type":"","overlay-color":"","overlay-opacity":"","overlay-gradient":""}},"footnotes":""},"class_list":["post-79","page","type-page","status-publish","hentry"],"_links":{"self":[{"href":"https:\/\/fermademiri.com\/index.php?rest_route=\/wp\/v2\/pages\/79","targetHints":{"allow":["GET"]}}],"collection":[{"href":"https:\/\/fermademiri.com\/index.php?rest_route=\/wp\/v2\/pages"}],"about":[{"href":"https:\/\/fermademiri.com\/index.php?rest_route=\/wp\/v2\/types\/page"}],"author":[{"embeddable":true,"href":"https:\/\/fermademiri.com\/index.php?rest_route=\/wp\/v2\/users\/1"}],"replies":[{"embeddable":true,"href":"https:\/\/fermademiri.com\/index.php?rest_route=%2Fwp%2Fv2%2Fcomments&post=79"}],"version-history":[{"count":10,"href":"https:\/\/fermademiri.com\/index.php?rest_route=\/wp\/v2\/pages\/79\/revisions"}],"predecessor-version":[{"id":410,"href":"https:\/\/fermademiri.com\/index.php?rest_route=\/wp\/v2\/pages\/79\/revisions\/410"}],"wp:attachment":[{"href":"https:\/\/fermademiri.com\/index.php?rest_route=%2Fwp%2Fv2%2Fmedia&parent=79"}],"curies":[{"name":"wp","href":"https:\/\/api.w.org\/{rel}","templated":true}]}}